{"id":449,"date":"2021-03-29T16:48:49","date_gmt":"2021-03-29T16:48:49","guid":{"rendered":"https:\/\/ambermonitoring.com\/?page_id=449"},"modified":"2021-04-01T18:37:19","modified_gmt":"2021-04-01T18:37:19","slug":"monitoreo-y-proteccion-remotos","status":"publish","type":"page","link":"https:\/\/ambermonitoring.com\/es\/services\/monitoreo-y-proteccion-remotos\/","title":{"rendered":"Monitoreo y protecci\u00f3n remotos"},"content":{"rendered":"<p>Los sistemas de seguridad convencionales son en su mayor\u00eda reactivos y se vuelven s\u00f3lo herramientas para recopilar informaci\u00f3n despu\u00e9s de que ocurri\u00f3 un delito.<br \/>\nIncluso despu\u00e9s de instalar las mejores c\u00e1maras de vigilancia y sensores, la tecnolog\u00eda solamente es eficaz si alguien est\u00e1 dedicado de lleno a su supervisi\u00f3n. Alguien responsable de detectar cualquier situaci\u00f3n sospechosa antes de que ocurran incidentes, y pueda reportarla inmediatamente activando alertas.<\/p>\n","protected":false},"excerpt":{"rendered":"<p>Los sistemas de seguridad convencionales son en su mayor\u00eda reactivos y se vuelven s\u00f3lo herramientas para recopilar informaci\u00f3n despu\u00e9s de que ocurri\u00f3 un delito. Incluso despu\u00e9s de instalar las mejores c\u00e1maras de vigilancia y sensores, la tecnolog\u00eda solamente es eficaz si alguien est\u00e1 dedicado de lleno a su supervisi\u00f3n. Alguien responsable de detectar cualquier situaci\u00f3n [&hellip;]<\/p>\n","protected":false},"author":1,"featured_media":284,"parent":62,"menu_order":0,"comment_status":"closed","ping_status":"closed","template":"tpl-service.php","meta":{"_acf_changed":false,"footnotes":""},"class_list":["post-449","page","type-page","status-publish","has-post-thumbnail","hentry"],"acf":[],"yoast_head":"<!-- This site is optimized with the Yoast SEO plugin v26.9 - https:\/\/yoast.com\/product\/yoast-seo-wordpress\/ -->\n<title>Monitoreo y protecci\u00f3n remotos - Amber Monitoring LLC<\/title>\n<meta name=\"robots\" content=\"index, follow, max-snippet:-1, max-image-preview:large, max-video-preview:-1\" \/>\n<link rel=\"canonical\" href=\"https:\/\/ambermonitoring.com\/es\/services\/monitoreo-y-proteccion-remotos\/\" \/>\n<meta property=\"og:locale\" content=\"es_ES\" \/>\n<meta property=\"og:type\" content=\"article\" \/>\n<meta property=\"og:title\" content=\"Monitoreo y protecci\u00f3n remotos - Amber Monitoring LLC\" \/>\n<meta property=\"og:description\" content=\"Los sistemas de seguridad convencionales son en su mayor\u00eda reactivos y se vuelven s\u00f3lo herramientas para recopilar informaci\u00f3n despu\u00e9s de que ocurri\u00f3 un delito. Incluso despu\u00e9s de instalar las mejores c\u00e1maras de vigilancia y sensores, la tecnolog\u00eda solamente es eficaz si alguien est\u00e1 dedicado de lleno a su supervisi\u00f3n. Alguien responsable de detectar cualquier situaci\u00f3n [&hellip;]\" \/>\n<meta property=\"og:url\" content=\"https:\/\/ambermonitoring.com\/es\/services\/monitoreo-y-proteccion-remotos\/\" \/>\n<meta property=\"og:site_name\" content=\"Amber Monitoring LLC\" \/>\n<meta property=\"article:modified_time\" content=\"2021-04-01T18:37:19+00:00\" \/>\n<meta property=\"og:image\" content=\"https:\/\/ambermonitoring.com\/wp-content\/uploads\/2021\/03\/remoteguarding-service.jpg\" \/>\n\t<meta property=\"og:image:width\" content=\"1200\" \/>\n\t<meta property=\"og:image:height\" content=\"801\" \/>\n\t<meta property=\"og:image:type\" content=\"image\/jpeg\" \/>\n<meta name=\"twitter:card\" content=\"summary_large_image\" \/>\n<script type=\"application\/ld+json\" class=\"yoast-schema-graph\">{\"@context\":\"https:\/\/schema.org\",\"@graph\":[{\"@type\":\"WebPage\",\"@id\":\"https:\/\/ambermonitoring.com\/es\/services\/monitoreo-y-proteccion-remotos\/\",\"url\":\"https:\/\/ambermonitoring.com\/es\/services\/monitoreo-y-proteccion-remotos\/\",\"name\":\"Monitoreo y protecci\u00f3n remotos - Amber Monitoring LLC\",\"isPartOf\":{\"@id\":\"https:\/\/ambermonitoring.com\/#website\"},\"primaryImageOfPage\":{\"@id\":\"https:\/\/ambermonitoring.com\/es\/services\/monitoreo-y-proteccion-remotos\/#primaryimage\"},\"image\":{\"@id\":\"https:\/\/ambermonitoring.com\/es\/services\/monitoreo-y-proteccion-remotos\/#primaryimage\"},\"thumbnailUrl\":\"https:\/\/ambermonitoring.com\/wp-content\/uploads\/2021\/03\/remoteguarding-service.jpg\",\"datePublished\":\"2021-03-29T16:48:49+00:00\",\"dateModified\":\"2021-04-01T18:37:19+00:00\",\"breadcrumb\":{\"@id\":\"https:\/\/ambermonitoring.com\/es\/services\/monitoreo-y-proteccion-remotos\/#breadcrumb\"},\"inLanguage\":\"es\",\"potentialAction\":[{\"@type\":\"ReadAction\",\"target\":[\"https:\/\/ambermonitoring.com\/es\/services\/monitoreo-y-proteccion-remotos\/\"]}]},{\"@type\":\"ImageObject\",\"inLanguage\":\"es\",\"@id\":\"https:\/\/ambermonitoring.com\/es\/services\/monitoreo-y-proteccion-remotos\/#primaryimage\",\"url\":\"https:\/\/ambermonitoring.com\/wp-content\/uploads\/2021\/03\/remoteguarding-service.jpg\",\"contentUrl\":\"https:\/\/ambermonitoring.com\/wp-content\/uploads\/2021\/03\/remoteguarding-service.jpg\",\"width\":1200,\"height\":801},{\"@type\":\"BreadcrumbList\",\"@id\":\"https:\/\/ambermonitoring.com\/es\/services\/monitoreo-y-proteccion-remotos\/#breadcrumb\",\"itemListElement\":[{\"@type\":\"ListItem\",\"position\":1,\"name\":\"Home\",\"item\":\"https:\/\/ambermonitoring.com\/es\/\"},{\"@type\":\"ListItem\",\"position\":2,\"name\":\"Servicios\",\"item\":\"https:\/\/ambermonitoring.com\/es\/services\/\"},{\"@type\":\"ListItem\",\"position\":3,\"name\":\"Monitoreo y protecci\u00f3n remotos\"}]},{\"@type\":\"WebSite\",\"@id\":\"https:\/\/ambermonitoring.com\/#website\",\"url\":\"https:\/\/ambermonitoring.com\/\",\"name\":\"Amber Monitoring LLC\",\"description\":\"\",\"publisher\":{\"@id\":\"https:\/\/ambermonitoring.com\/#organization\"},\"potentialAction\":[{\"@type\":\"SearchAction\",\"target\":{\"@type\":\"EntryPoint\",\"urlTemplate\":\"https:\/\/ambermonitoring.com\/?s={search_term_string}\"},\"query-input\":{\"@type\":\"PropertyValueSpecification\",\"valueRequired\":true,\"valueName\":\"search_term_string\"}}],\"inLanguage\":\"es\"},{\"@type\":\"Organization\",\"@id\":\"https:\/\/ambermonitoring.com\/#organization\",\"name\":\"AMBER PROTECTION LLC\",\"url\":\"https:\/\/ambermonitoring.com\/\",\"logo\":{\"@type\":\"ImageObject\",\"inLanguage\":\"es\",\"@id\":\"https:\/\/ambermonitoring.com\/#\/schema\/logo\/image\/\",\"url\":\"https:\/\/ambermonitoring.com\/wp-content\/uploads\/2021\/02\/cropped-favicon.png\",\"contentUrl\":\"https:\/\/ambermonitoring.com\/wp-content\/uploads\/2021\/02\/cropped-favicon.png\",\"width\":512,\"height\":512,\"caption\":\"AMBER PROTECTION LLC\"},\"image\":{\"@id\":\"https:\/\/ambermonitoring.com\/#\/schema\/logo\/image\/\"}}]}<\/script>\n<!-- \/ Yoast SEO plugin. -->","yoast_head_json":{"title":"Monitoreo y protecci\u00f3n remotos - Amber Monitoring LLC","robots":{"index":"index","follow":"follow","max-snippet":"max-snippet:-1","max-image-preview":"max-image-preview:large","max-video-preview":"max-video-preview:-1"},"canonical":"https:\/\/ambermonitoring.com\/es\/services\/monitoreo-y-proteccion-remotos\/","og_locale":"es_ES","og_type":"article","og_title":"Monitoreo y protecci\u00f3n remotos - Amber Monitoring LLC","og_description":"Los sistemas de seguridad convencionales son en su mayor\u00eda reactivos y se vuelven s\u00f3lo herramientas para recopilar informaci\u00f3n despu\u00e9s de que ocurri\u00f3 un delito. Incluso despu\u00e9s de instalar las mejores c\u00e1maras de vigilancia y sensores, la tecnolog\u00eda solamente es eficaz si alguien est\u00e1 dedicado de lleno a su supervisi\u00f3n. Alguien responsable de detectar cualquier situaci\u00f3n [&hellip;]","og_url":"https:\/\/ambermonitoring.com\/es\/services\/monitoreo-y-proteccion-remotos\/","og_site_name":"Amber Monitoring LLC","article_modified_time":"2021-04-01T18:37:19+00:00","og_image":[{"width":1200,"height":801,"url":"https:\/\/ambermonitoring.com\/wp-content\/uploads\/2021\/03\/remoteguarding-service.jpg","type":"image\/jpeg"}],"twitter_card":"summary_large_image","schema":{"@context":"https:\/\/schema.org","@graph":[{"@type":"WebPage","@id":"https:\/\/ambermonitoring.com\/es\/services\/monitoreo-y-proteccion-remotos\/","url":"https:\/\/ambermonitoring.com\/es\/services\/monitoreo-y-proteccion-remotos\/","name":"Monitoreo y protecci\u00f3n remotos - Amber Monitoring LLC","isPartOf":{"@id":"https:\/\/ambermonitoring.com\/#website"},"primaryImageOfPage":{"@id":"https:\/\/ambermonitoring.com\/es\/services\/monitoreo-y-proteccion-remotos\/#primaryimage"},"image":{"@id":"https:\/\/ambermonitoring.com\/es\/services\/monitoreo-y-proteccion-remotos\/#primaryimage"},"thumbnailUrl":"https:\/\/ambermonitoring.com\/wp-content\/uploads\/2021\/03\/remoteguarding-service.jpg","datePublished":"2021-03-29T16:48:49+00:00","dateModified":"2021-04-01T18:37:19+00:00","breadcrumb":{"@id":"https:\/\/ambermonitoring.com\/es\/services\/monitoreo-y-proteccion-remotos\/#breadcrumb"},"inLanguage":"es","potentialAction":[{"@type":"ReadAction","target":["https:\/\/ambermonitoring.com\/es\/services\/monitoreo-y-proteccion-remotos\/"]}]},{"@type":"ImageObject","inLanguage":"es","@id":"https:\/\/ambermonitoring.com\/es\/services\/monitoreo-y-proteccion-remotos\/#primaryimage","url":"https:\/\/ambermonitoring.com\/wp-content\/uploads\/2021\/03\/remoteguarding-service.jpg","contentUrl":"https:\/\/ambermonitoring.com\/wp-content\/uploads\/2021\/03\/remoteguarding-service.jpg","width":1200,"height":801},{"@type":"BreadcrumbList","@id":"https:\/\/ambermonitoring.com\/es\/services\/monitoreo-y-proteccion-remotos\/#breadcrumb","itemListElement":[{"@type":"ListItem","position":1,"name":"Home","item":"https:\/\/ambermonitoring.com\/es\/"},{"@type":"ListItem","position":2,"name":"Servicios","item":"https:\/\/ambermonitoring.com\/es\/services\/"},{"@type":"ListItem","position":3,"name":"Monitoreo y protecci\u00f3n remotos"}]},{"@type":"WebSite","@id":"https:\/\/ambermonitoring.com\/#website","url":"https:\/\/ambermonitoring.com\/","name":"Amber Monitoring LLC","description":"","publisher":{"@id":"https:\/\/ambermonitoring.com\/#organization"},"potentialAction":[{"@type":"SearchAction","target":{"@type":"EntryPoint","urlTemplate":"https:\/\/ambermonitoring.com\/?s={search_term_string}"},"query-input":{"@type":"PropertyValueSpecification","valueRequired":true,"valueName":"search_term_string"}}],"inLanguage":"es"},{"@type":"Organization","@id":"https:\/\/ambermonitoring.com\/#organization","name":"AMBER PROTECTION LLC","url":"https:\/\/ambermonitoring.com\/","logo":{"@type":"ImageObject","inLanguage":"es","@id":"https:\/\/ambermonitoring.com\/#\/schema\/logo\/image\/","url":"https:\/\/ambermonitoring.com\/wp-content\/uploads\/2021\/02\/cropped-favicon.png","contentUrl":"https:\/\/ambermonitoring.com\/wp-content\/uploads\/2021\/02\/cropped-favicon.png","width":512,"height":512,"caption":"AMBER PROTECTION LLC"},"image":{"@id":"https:\/\/ambermonitoring.com\/#\/schema\/logo\/image\/"}}]}},"_links":{"self":[{"href":"https:\/\/ambermonitoring.com\/es\/wp-json\/wp\/v2\/pages\/449","targetHints":{"allow":["GET"]}}],"collection":[{"href":"https:\/\/ambermonitoring.com\/es\/wp-json\/wp\/v2\/pages"}],"about":[{"href":"https:\/\/ambermonitoring.com\/es\/wp-json\/wp\/v2\/types\/page"}],"author":[{"embeddable":true,"href":"https:\/\/ambermonitoring.com\/es\/wp-json\/wp\/v2\/users\/1"}],"replies":[{"embeddable":true,"href":"https:\/\/ambermonitoring.com\/es\/wp-json\/wp\/v2\/comments?post=449"}],"version-history":[{"count":6,"href":"https:\/\/ambermonitoring.com\/es\/wp-json\/wp\/v2\/pages\/449\/revisions"}],"predecessor-version":[{"id":460,"href":"https:\/\/ambermonitoring.com\/es\/wp-json\/wp\/v2\/pages\/449\/revisions\/460"}],"up":[{"embeddable":true,"href":"https:\/\/ambermonitoring.com\/es\/wp-json\/wp\/v2\/pages\/62"}],"wp:featuredmedia":[{"embeddable":true,"href":"https:\/\/ambermonitoring.com\/es\/wp-json\/wp\/v2\/media\/284"}],"wp:attachment":[{"href":"https:\/\/ambermonitoring.com\/es\/wp-json\/wp\/v2\/media?parent=449"}],"curies":[{"name":"wp","href":"https:\/\/api.w.org\/{rel}","templated":true}]}}