{"id":416,"date":"2021-03-25T22:20:50","date_gmt":"2021-03-25T22:20:50","guid":{"rendered":"https:\/\/ambermonitoring.com\/?page_id=416"},"modified":"2021-04-01T18:36:57","modified_gmt":"2021-04-01T18:36:57","slug":"informes-e-inteligencia","status":"publish","type":"page","link":"https:\/\/ambermonitoring.com\/es\/services\/informes-e-inteligencia\/","title":{"rendered":"Informes e Inteligencia"},"content":{"rendered":"<h2>AMBER MONITORING PROPORCIONA SOLUCIONES DE SEGURIDAD SUPERIOR GRACIAS A SU ALTA CAPACIDADE DE AN\u00c1LISIS Y ELABORACI\u00d3N DE REPORTES<\/h2>\n<p>AMBER Monitoring respalda su robusta monitorizaci\u00f3n en vivo de c\u00e1maras y redes con un servicio de informes personalizados de varios niveles.<\/p>\n","protected":false},"excerpt":{"rendered":"<p>AMBER MONITORING PROPORCIONA SOLUCIONES DE SEGURIDAD SUPERIOR GRACIAS A SU ALTA CAPACIDADE DE AN\u00c1LISIS Y ELABORACI\u00d3N DE REPORTES AMBER Monitoring respalda su robusta monitorizaci\u00f3n en vivo de c\u00e1maras y redes con un servicio de informes personalizados de varios niveles.<\/p>\n","protected":false},"author":1,"featured_media":290,"parent":62,"menu_order":0,"comment_status":"closed","ping_status":"closed","template":"tpl-service.php","meta":{"_acf_changed":false,"footnotes":""},"class_list":["post-416","page","type-page","status-publish","has-post-thumbnail","hentry"],"acf":[],"yoast_head":"<!-- This site is optimized with the Yoast SEO plugin v26.9 - https:\/\/yoast.com\/product\/yoast-seo-wordpress\/ -->\n<title>Informes e Inteligencia - Amber Monitoring LLC<\/title>\n<meta name=\"robots\" content=\"index, follow, max-snippet:-1, max-image-preview:large, max-video-preview:-1\" \/>\n<link rel=\"canonical\" href=\"https:\/\/ambermonitoring.com\/es\/services\/informes-e-inteligencia\/\" \/>\n<meta property=\"og:locale\" content=\"es_ES\" \/>\n<meta property=\"og:type\" content=\"article\" \/>\n<meta property=\"og:title\" content=\"Informes e Inteligencia - Amber Monitoring LLC\" \/>\n<meta property=\"og:description\" content=\"AMBER MONITORING PROPORCIONA SOLUCIONES DE SEGURIDAD SUPERIOR GRACIAS A SU ALTA CAPACIDADE DE AN\u00c1LISIS Y ELABORACI\u00d3N DE REPORTES AMBER Monitoring respalda su robusta monitorizaci\u00f3n en vivo de c\u00e1maras y redes con un servicio de informes personalizados de varios niveles.\" \/>\n<meta property=\"og:url\" content=\"https:\/\/ambermonitoring.com\/es\/services\/informes-e-inteligencia\/\" \/>\n<meta property=\"og:site_name\" content=\"Amber Monitoring LLC\" \/>\n<meta property=\"article:modified_time\" content=\"2021-04-01T18:36:57+00:00\" \/>\n<meta property=\"og:image\" content=\"https:\/\/ambermonitoring.com\/wp-content\/uploads\/2021\/03\/remoteguarding-2-service-1.jpg\" \/>\n\t<meta property=\"og:image:width\" content=\"1000\" \/>\n\t<meta property=\"og:image:height\" content=\"668\" \/>\n\t<meta property=\"og:image:type\" content=\"image\/jpeg\" \/>\n<meta name=\"twitter:card\" content=\"summary_large_image\" \/>\n<script type=\"application\/ld+json\" class=\"yoast-schema-graph\">{\"@context\":\"https:\/\/schema.org\",\"@graph\":[{\"@type\":\"WebPage\",\"@id\":\"https:\/\/ambermonitoring.com\/es\/services\/informes-e-inteligencia\/\",\"url\":\"https:\/\/ambermonitoring.com\/es\/services\/informes-e-inteligencia\/\",\"name\":\"Informes e Inteligencia - Amber Monitoring LLC\",\"isPartOf\":{\"@id\":\"https:\/\/ambermonitoring.com\/#website\"},\"primaryImageOfPage\":{\"@id\":\"https:\/\/ambermonitoring.com\/es\/services\/informes-e-inteligencia\/#primaryimage\"},\"image\":{\"@id\":\"https:\/\/ambermonitoring.com\/es\/services\/informes-e-inteligencia\/#primaryimage\"},\"thumbnailUrl\":\"https:\/\/ambermonitoring.com\/wp-content\/uploads\/2021\/03\/remoteguarding-2-service-1.jpg\",\"datePublished\":\"2021-03-25T22:20:50+00:00\",\"dateModified\":\"2021-04-01T18:36:57+00:00\",\"breadcrumb\":{\"@id\":\"https:\/\/ambermonitoring.com\/es\/services\/informes-e-inteligencia\/#breadcrumb\"},\"inLanguage\":\"es\",\"potentialAction\":[{\"@type\":\"ReadAction\",\"target\":[\"https:\/\/ambermonitoring.com\/es\/services\/informes-e-inteligencia\/\"]}]},{\"@type\":\"ImageObject\",\"inLanguage\":\"es\",\"@id\":\"https:\/\/ambermonitoring.com\/es\/services\/informes-e-inteligencia\/#primaryimage\",\"url\":\"https:\/\/ambermonitoring.com\/wp-content\/uploads\/2021\/03\/remoteguarding-2-service-1.jpg\",\"contentUrl\":\"https:\/\/ambermonitoring.com\/wp-content\/uploads\/2021\/03\/remoteguarding-2-service-1.jpg\",\"width\":1000,\"height\":668},{\"@type\":\"BreadcrumbList\",\"@id\":\"https:\/\/ambermonitoring.com\/es\/services\/informes-e-inteligencia\/#breadcrumb\",\"itemListElement\":[{\"@type\":\"ListItem\",\"position\":1,\"name\":\"Home\",\"item\":\"https:\/\/ambermonitoring.com\/es\/\"},{\"@type\":\"ListItem\",\"position\":2,\"name\":\"Servicios\",\"item\":\"https:\/\/ambermonitoring.com\/es\/services\/\"},{\"@type\":\"ListItem\",\"position\":3,\"name\":\"Informes e Inteligencia\"}]},{\"@type\":\"WebSite\",\"@id\":\"https:\/\/ambermonitoring.com\/#website\",\"url\":\"https:\/\/ambermonitoring.com\/\",\"name\":\"Amber Monitoring LLC\",\"description\":\"\",\"publisher\":{\"@id\":\"https:\/\/ambermonitoring.com\/#organization\"},\"potentialAction\":[{\"@type\":\"SearchAction\",\"target\":{\"@type\":\"EntryPoint\",\"urlTemplate\":\"https:\/\/ambermonitoring.com\/?s={search_term_string}\"},\"query-input\":{\"@type\":\"PropertyValueSpecification\",\"valueRequired\":true,\"valueName\":\"search_term_string\"}}],\"inLanguage\":\"es\"},{\"@type\":\"Organization\",\"@id\":\"https:\/\/ambermonitoring.com\/#organization\",\"name\":\"AMBER PROTECTION LLC\",\"url\":\"https:\/\/ambermonitoring.com\/\",\"logo\":{\"@type\":\"ImageObject\",\"inLanguage\":\"es\",\"@id\":\"https:\/\/ambermonitoring.com\/#\/schema\/logo\/image\/\",\"url\":\"https:\/\/ambermonitoring.com\/wp-content\/uploads\/2021\/02\/cropped-favicon.png\",\"contentUrl\":\"https:\/\/ambermonitoring.com\/wp-content\/uploads\/2021\/02\/cropped-favicon.png\",\"width\":512,\"height\":512,\"caption\":\"AMBER PROTECTION LLC\"},\"image\":{\"@id\":\"https:\/\/ambermonitoring.com\/#\/schema\/logo\/image\/\"}}]}<\/script>\n<!-- \/ Yoast SEO plugin. -->","yoast_head_json":{"title":"Informes e Inteligencia - Amber Monitoring LLC","robots":{"index":"index","follow":"follow","max-snippet":"max-snippet:-1","max-image-preview":"max-image-preview:large","max-video-preview":"max-video-preview:-1"},"canonical":"https:\/\/ambermonitoring.com\/es\/services\/informes-e-inteligencia\/","og_locale":"es_ES","og_type":"article","og_title":"Informes e Inteligencia - Amber Monitoring LLC","og_description":"AMBER MONITORING PROPORCIONA SOLUCIONES DE SEGURIDAD SUPERIOR GRACIAS A SU ALTA CAPACIDADE DE AN\u00c1LISIS Y ELABORACI\u00d3N DE REPORTES AMBER Monitoring respalda su robusta monitorizaci\u00f3n en vivo de c\u00e1maras y redes con un servicio de informes personalizados de varios niveles.","og_url":"https:\/\/ambermonitoring.com\/es\/services\/informes-e-inteligencia\/","og_site_name":"Amber Monitoring LLC","article_modified_time":"2021-04-01T18:36:57+00:00","og_image":[{"width":1000,"height":668,"url":"https:\/\/ambermonitoring.com\/wp-content\/uploads\/2021\/03\/remoteguarding-2-service-1.jpg","type":"image\/jpeg"}],"twitter_card":"summary_large_image","schema":{"@context":"https:\/\/schema.org","@graph":[{"@type":"WebPage","@id":"https:\/\/ambermonitoring.com\/es\/services\/informes-e-inteligencia\/","url":"https:\/\/ambermonitoring.com\/es\/services\/informes-e-inteligencia\/","name":"Informes e Inteligencia - Amber Monitoring LLC","isPartOf":{"@id":"https:\/\/ambermonitoring.com\/#website"},"primaryImageOfPage":{"@id":"https:\/\/ambermonitoring.com\/es\/services\/informes-e-inteligencia\/#primaryimage"},"image":{"@id":"https:\/\/ambermonitoring.com\/es\/services\/informes-e-inteligencia\/#primaryimage"},"thumbnailUrl":"https:\/\/ambermonitoring.com\/wp-content\/uploads\/2021\/03\/remoteguarding-2-service-1.jpg","datePublished":"2021-03-25T22:20:50+00:00","dateModified":"2021-04-01T18:36:57+00:00","breadcrumb":{"@id":"https:\/\/ambermonitoring.com\/es\/services\/informes-e-inteligencia\/#breadcrumb"},"inLanguage":"es","potentialAction":[{"@type":"ReadAction","target":["https:\/\/ambermonitoring.com\/es\/services\/informes-e-inteligencia\/"]}]},{"@type":"ImageObject","inLanguage":"es","@id":"https:\/\/ambermonitoring.com\/es\/services\/informes-e-inteligencia\/#primaryimage","url":"https:\/\/ambermonitoring.com\/wp-content\/uploads\/2021\/03\/remoteguarding-2-service-1.jpg","contentUrl":"https:\/\/ambermonitoring.com\/wp-content\/uploads\/2021\/03\/remoteguarding-2-service-1.jpg","width":1000,"height":668},{"@type":"BreadcrumbList","@id":"https:\/\/ambermonitoring.com\/es\/services\/informes-e-inteligencia\/#breadcrumb","itemListElement":[{"@type":"ListItem","position":1,"name":"Home","item":"https:\/\/ambermonitoring.com\/es\/"},{"@type":"ListItem","position":2,"name":"Servicios","item":"https:\/\/ambermonitoring.com\/es\/services\/"},{"@type":"ListItem","position":3,"name":"Informes e Inteligencia"}]},{"@type":"WebSite","@id":"https:\/\/ambermonitoring.com\/#website","url":"https:\/\/ambermonitoring.com\/","name":"Amber Monitoring LLC","description":"","publisher":{"@id":"https:\/\/ambermonitoring.com\/#organization"},"potentialAction":[{"@type":"SearchAction","target":{"@type":"EntryPoint","urlTemplate":"https:\/\/ambermonitoring.com\/?s={search_term_string}"},"query-input":{"@type":"PropertyValueSpecification","valueRequired":true,"valueName":"search_term_string"}}],"inLanguage":"es"},{"@type":"Organization","@id":"https:\/\/ambermonitoring.com\/#organization","name":"AMBER PROTECTION LLC","url":"https:\/\/ambermonitoring.com\/","logo":{"@type":"ImageObject","inLanguage":"es","@id":"https:\/\/ambermonitoring.com\/#\/schema\/logo\/image\/","url":"https:\/\/ambermonitoring.com\/wp-content\/uploads\/2021\/02\/cropped-favicon.png","contentUrl":"https:\/\/ambermonitoring.com\/wp-content\/uploads\/2021\/02\/cropped-favicon.png","width":512,"height":512,"caption":"AMBER PROTECTION LLC"},"image":{"@id":"https:\/\/ambermonitoring.com\/#\/schema\/logo\/image\/"}}]}},"_links":{"self":[{"href":"https:\/\/ambermonitoring.com\/es\/wp-json\/wp\/v2\/pages\/416","targetHints":{"allow":["GET"]}}],"collection":[{"href":"https:\/\/ambermonitoring.com\/es\/wp-json\/wp\/v2\/pages"}],"about":[{"href":"https:\/\/ambermonitoring.com\/es\/wp-json\/wp\/v2\/types\/page"}],"author":[{"embeddable":true,"href":"https:\/\/ambermonitoring.com\/es\/wp-json\/wp\/v2\/users\/1"}],"replies":[{"embeddable":true,"href":"https:\/\/ambermonitoring.com\/es\/wp-json\/wp\/v2\/comments?post=416"}],"version-history":[{"count":5,"href":"https:\/\/ambermonitoring.com\/es\/wp-json\/wp\/v2\/pages\/416\/revisions"}],"predecessor-version":[{"id":459,"href":"https:\/\/ambermonitoring.com\/es\/wp-json\/wp\/v2\/pages\/416\/revisions\/459"}],"up":[{"embeddable":true,"href":"https:\/\/ambermonitoring.com\/es\/wp-json\/wp\/v2\/pages\/62"}],"wp:featuredmedia":[{"embeddable":true,"href":"https:\/\/ambermonitoring.com\/es\/wp-json\/wp\/v2\/media\/290"}],"wp:attachment":[{"href":"https:\/\/ambermonitoring.com\/es\/wp-json\/wp\/v2\/media?parent=416"}],"curies":[{"name":"wp","href":"https:\/\/api.w.org\/{rel}","templated":true}]}}